{"id":4,"date":"2016-10-11T11:00:55","date_gmt":"2016-10-11T11:00:55","guid":{"rendered":"http:\/\/transforvelas.com\/?page_id=4"},"modified":"2026-01-02T10:06:47","modified_gmt":"2026-01-02T10:06:47","slug":"inicio","status":"publish","type":"page","link":"https:\/\/www.transforvelas.com\/","title":{"rendered":""},"content":{"rendered":"\n<p>A Transforvelas \u00e9 uma empresa de produ\u00e7\u00e3o de todo o tipo de velas sediada no Arco de Ba\u00falhe, Cabeceiras de Basto. Somos l\u00edderes no mercado Nacional, contando com mais de 30 anos de experi\u00eancia no ramo. Consulte o nosso portef\u00f3lio para ver os nossos produtos<\/p>\n","protected":false},"excerpt":{"rendered":"<p>A Transforvelas \u00e9 uma empresa de produ\u00e7\u00e3o de todo o tipo de velas sediada no Arco de Ba\u00falhe, Cabeceiras de Basto. Somos l\u00edderes no mercado Nacional, contando com mais de 30 anos de experi\u00eancia no ramo. Consulte o nosso portef\u00f3lio para ver os nossos produtos<\/p>\n","protected":false},"author":1,"featured_media":0,"parent":0,"menu_order":0,"comment_status":"closed","ping_status":"open","template":"","meta":{"footnotes":""},"class_list":["post-4","page","type-page","status-publish","hentry"],"_links":{"self":[{"href":"https:\/\/www.transforvelas.com\/index.php\/wp-json\/wp\/v2\/pages\/4","targetHints":{"allow":["GET"]}}],"collection":[{"href":"https:\/\/www.transforvelas.com\/index.php\/wp-json\/wp\/v2\/pages"}],"about":[{"href":"https:\/\/www.transforvelas.com\/index.php\/wp-json\/wp\/v2\/types\/page"}],"author":[{"embeddable":true,"href":"https:\/\/www.transforvelas.com\/index.php\/wp-json\/wp\/v2\/users\/1"}],"replies":[{"embeddable":true,"href":"https:\/\/www.transforvelas.com\/index.php\/wp-json\/wp\/v2\/comments?post=4"}],"version-history":[{"count":14,"href":"https:\/\/www.transforvelas.com\/index.php\/wp-json\/wp\/v2\/pages\/4\/revisions"}],"predecessor-version":[{"id":21640,"href":"https:\/\/www.transforvelas.com\/index.php\/wp-json\/wp\/v2\/pages\/4\/revisions\/21640"}],"wp:attachment":[{"href":"https:\/\/www.transforvelas.com\/index.php\/wp-json\/wp\/v2\/media?parent=4"}],"curies":[{"name":"wp","href":"https:\/\/api.w.org\/{rel}","templated":true}]}}